{"id":107,"date":"2014-08-14T12:58:30","date_gmt":"2014-08-14T12:58:30","guid":{"rendered":"http:\/\/firmenlauf-bielefeld.de\/?page_id=107"},"modified":"2016-02-08T13:20:54","modified_gmt":"2016-02-08T13:20:54","slug":"presse","status":"publish","type":"page","link":"http:\/\/firmenlauf-bielefeld.de\/?page_id=107","title":{"rendered":"Presse"},"content":{"rendered":"<p><strong>Pressemitteilung 8.2.2016: Pr\u00e4sentation<\/strong> <strong>des Sch\u00fcco Sports-Firmenlaufs:<\/strong><\/p>\n<p><a href=\"http:\/\/firmenlauf-bielefeld.de\/wp-content\/uploads\/2014\/08\/PI_Schueco_Sports_Firmenlauf-08022016.pdf\" rel=\"\">PI_Schueco_Sports_Firmenlauf-08022016<\/a><\/p>\n<p><a href=\"http:\/\/firmenlauf-bielefeld.de\/wp-content\/uploads\/2014\/08\/rob-Schueco-Sports-Firmenlauf-Meinke-Becker-Lauritzen-web_1099.jpg\" rel=\"attachment wp-att-362\"><img loading=\"lazy\" decoding=\"async\" class=\"alignnone  wp-image-362\" src=\"http:\/\/firmenlauf-bielefeld.de\/wp-content\/uploads\/2014\/08\/rob-Schueco-Sports-Firmenlauf-Meinke-Becker-Lauritzen-web_1099.jpg\" alt=\"rob-Schueco-Sports-Firmenlauf-Meinke-Becker-Lauritzen-web_1099\" width=\"680\" height=\"400\" srcset=\"http:\/\/firmenlauf-bielefeld.de\/wp-content\/uploads\/2014\/08\/rob-Schueco-Sports-Firmenlauf-Meinke-Becker-Lauritzen-web_1099.jpg 800w, http:\/\/firmenlauf-bielefeld.de\/wp-content\/uploads\/2014\/08\/rob-Schueco-Sports-Firmenlauf-Meinke-Becker-Lauritzen-web_1099-300x177.jpg 300w, http:\/\/firmenlauf-bielefeld.de\/wp-content\/uploads\/2014\/08\/rob-Schueco-Sports-Firmenlauf-Meinke-Becker-Lauritzen-web_1099-768x452.jpg 768w\" sizes=\"auto, (max-width: 680px) 100vw, 680px\" \/><\/a><\/p>\n<p><strong>Werben f\u00fcr den Firmenlauf am 29. Juni:<\/strong> Gerrit Meinke (Gesch\u00e4ftsf\u00fchrer Arminia) , Robert Becker (rb sport &amp; event), Thomas Lauritzen (Sch\u00fcco International KG).<\/p>\n","protected":false},"excerpt":{"rendered":"<p>Pressemitteilung 8.2.2016: Pr\u00e4sentation des Sch\u00fcco Sports-Firmenlaufs: PI_Schueco_Sports_Firmenlauf-08022016 Werben f\u00fcr den Firmenlauf am 29. Juni: Gerrit Meinke (Gesch\u00e4ftsf\u00fchrer Arminia) , Robert Becker (rb sport &amp; event), Thomas Lauritzen (Sch\u00fcco International KG).<\/p>\n","protected":false},"author":1,"featured_media":0,"parent":0,"menu_order":0,"comment_status":"open","ping_status":"open","template":"","meta":{"footnotes":""},"class_list":["post-107","page","type-page","status-publish","hentry"],"_links":{"self":[{"href":"http:\/\/firmenlauf-bielefeld.de\/index.php?rest_route=\/wp\/v2\/pages\/107","targetHints":{"allow":["GET"]}}],"collection":[{"href":"http:\/\/firmenlauf-bielefeld.de\/index.php?rest_route=\/wp\/v2\/pages"}],"about":[{"href":"http:\/\/firmenlauf-bielefeld.de\/index.php?rest_route=\/wp\/v2\/types\/page"}],"author":[{"embeddable":true,"href":"http:\/\/firmenlauf-bielefeld.de\/index.php?rest_route=\/wp\/v2\/users\/1"}],"replies":[{"embeddable":true,"href":"http:\/\/firmenlauf-bielefeld.de\/index.php?rest_route=%2Fwp%2Fv2%2Fcomments&post=107"}],"version-history":[{"count":12,"href":"http:\/\/firmenlauf-bielefeld.de\/index.php?rest_route=\/wp\/v2\/pages\/107\/revisions"}],"predecessor-version":[{"id":367,"href":"http:\/\/firmenlauf-bielefeld.de\/index.php?rest_route=\/wp\/v2\/pages\/107\/revisions\/367"}],"wp:attachment":[{"href":"http:\/\/firmenlauf-bielefeld.de\/index.php?rest_route=%2Fwp%2Fv2%2Fmedia&parent=107"}],"curies":[{"name":"wp","href":"https:\/\/api.w.org\/{rel}","templated":true}]}}