{"id":15,"date":"2014-06-29T21:13:49","date_gmt":"2014-06-29T21:13:49","guid":{"rendered":"http:\/\/firmenlauf-bielefeld.de\/?page_id=15"},"modified":"2026-03-23T11:03:40","modified_gmt":"2026-03-23T11:03:40","slug":"infos","status":"publish","type":"page","link":"http:\/\/firmenlauf-bielefeld.de\/?page_id=15","title":{"rendered":"Infos"},"content":{"rendered":"<p><strong>Sparrenburg-Firmenlauf 2026 in Bielefeld<\/strong><\/p>\n<p><strong>Teilnehmerinfo (vom letzten Jahr) vom 20. Mai 2025: <\/strong><a href=\"http:\/\/firmenlauf-bielefeld.de\/wp-content\/uploads\/2025\/05\/Firmenlauf-BI-Teilnehmerinfo2025-Mail.pdf\">http:\/\/firmenlauf-bielefeld.de\/wp-content\/uploads\/2025\/05\/Firmenlauf-BI-Teilnehmerinfo2025-Mail.pdf<\/a><strong><br \/><\/strong><\/p>\n<p><strong>Flyer:\u00a0<a href=\"http:\/\/firmenlauf-bielefeld.de\/wp-content\/uploads\/2026\/01\/Sparrenburg-Flyer-2026-zz-KU1.pdf\">Sparrenburg Flyer 2026<\/a><\/strong><\/p>\n<p>Am <strong><u>Mittwoch, 20. Mai 2026<\/u> <\/strong>steht Bielefeld erneut ganz im Zeichen des Laufsports. Dann startet der Sparrenburg- Firmenlauf Bielefeld (bis 2018 ausgerichtet an der Sch\u00fcco- Arena) zum vierten Mal auf der wundersch\u00f6nen Promenade.\u00a0Ziel der Veranstaltung ist es, Spa\u00df zu haben, mit den Kollegen etwas zu unternehmen und m\u00f6glichst viele Personen f\u00fcr den Gesundheitssport Laufen zu begeistern.<\/p>\n<p><strong>Zieleinlauf wie beim &#8220;Hermann&#8221;<br \/><\/strong><\/p>\n<p>Die Rund- und Wendepunktstrecke ist zuschauerfreundlich gew\u00e4hlt. Zwei Runden \u00e0 2,5 Kilometer gilt es zu meistern. Der Start erfolgt neben der Sch\u00f6nen Aussicht. Ein unvergessliches Erlebnis wird f\u00fcr alle der Zieleinlauf werden. F\u00fcr alle die noch nie den Hermannslauf gemacht haben. Hier habt ihr zumindest das gleiche Finish.<\/p>\n<p><strong>5 Kilometer f\u00fcr die Gesundheit<\/strong><\/p>\n<p>Mit 5 Kilometern L\u00e4nge ist die Laufstrecke so konzipiert, dass sie sowohl f\u00fcr Hobbyl\u00e4ufer als auch f\u00fcr Fortgeschrittene geeignet ist. Gemeinsam laufen als Firmenevent ist landesweit ein Trend, der auch in Bielefeld gef\u00f6rdert wird.<\/p>\n<p><strong>Essen und Trinken<\/strong><\/p>\n<p>Die Gastronomen rund um die Sparrenburg bieten ideale Voraussetzungen f\u00fcr ein sch\u00f6nes Ausklingen des Abends. Bis in die Abendd\u00e4mmerung gibt\u2019s dazu Musik von der B\u00fchne.<\/p>\n<p><strong>Zeitplan<\/strong><\/p>\n<p>Datum<strong>: Mittwoch, 20. Mai 2026<\/strong><\/p>\n<p>Start \/ Ziel: Promenade, Sparrenburg &#8211; Parkplatz &#8220;Sch\u00f6ne Aussicht&#8221;<\/p>\n<p>17:00 Uhr \u00d6ffnung Meldeb\u00fcro (f\u00fcr Ummeldungen)<\/p>\n<p><strong>18.00 Uhr<\/strong> 2,5 km Firmenlauf \u201elight\u201c \/ Lauf- und Walking<\/p>\n<p><strong>18.30 Uhr<\/strong> 5,0 km Sparrenburg-Firmenlauf \/ 1. Startgruppe<\/p>\n<p><strong>19.15 Uhr<\/strong> 5,0 km Sparrenburg-Firmenlauf \/ 2. Startgruppe<\/p>\n<p><strong>20.00 Uhr<\/strong> 5,0 km Nightcup (Nur Serienl\u00e4ufer)<\/p>\n<p>20.00 Uhr Siegerehrung Firmenlauf<\/p>\n<p>20.45 Uhr Siegerehrung Nightcup<\/p>\n<p>21:00 Uhr Veranstaltungsende<\/p>\n<p>&nbsp;<\/p>\n<p><strong>3er Teamwertung<\/strong><\/p>\n<p>Jede Firma startet als ein gro\u00dfes Team. Um am Ende eine Firma als Sieger k\u00fcren zu k\u00f6nnen, werden die Zeiten der drei besten L\u00e4uferinnen und L\u00e4ufer eines Unternehmens addiert, dann erfolgt eine Addition der n\u00e4chstbesten drei Zeiten usw. Der Start aller Teilnehmerinnen und Teilnehmer erfolgt gemeinsam. Es k\u00f6nnen keine Mixed-Teams gebildet werden.<\/p>\n<p><strong>Azubi-Run:<\/strong><\/p>\n<p>Wir zeichnen \u00fcber 5 km die schnellsten Azubi-Teams aus. Geben Sie bitte zur Kennung bei der Angabe des Wettbewerbs \u201eL5\u201c noch ein \u201eA\u201c mit in der Excel-Spalte an: \u201eL5A\u201c.<\/p>\n<p><strong>Ansprechpartner\/Kapit\u00e4n<\/strong><\/p>\n<p>Jede Firma benennt einen Teamkapit\u00e4n, der f\u00fcr die Koordination der Kolleginnen und Kollegen, wie z.B. die Anmeldung usw. zust\u00e4ndig ist.<\/p>\n<p><strong>Teilnehmerpaket<\/strong><\/p>\n<p>Jeder Teilnehmer, jede Teilnehmerin erh\u00e4lt eine Urkunde mit der Platzierung und Einzelzeit sowie Zielverpflegung.<\/p>\n<p><strong>Foto-Aktion<\/strong><\/p>\n<p>Jedes Team kann sich vor dem Start auf der B\u00fchne fotografieren lassen. Die Fotos werden den Teams nachher kostenlos zur Verf\u00fcgung gestellt.<\/p>\n<p>&nbsp;<\/p>\n<p><strong>Siegerehrung \/ Pokale gibt es f\u00fcr. . .<br \/><\/strong><\/p>\n<ul>\n<li>die drei teilnehmerst\u00e4rksten Firmen (2,5 und 5 km-Lauf addiert)<\/li>\n<li>die teilnehmerst\u00e4rkste Schule (2,5 und 5 km-Lauf addiert)<\/li>\n<li>f\u00fcr das beste Stimmungsteam (Auswahl durch Veranstalter)<\/li>\n<li>die drei schnellsten M\u00e4nnerteams \u00fcber 5 km<\/li>\n<li>die drei schnellsten Frauenteams \u00fcber 5 km<\/li>\n<\/ul>\n<p>Alle Firmenteams erhalten eine Urkunde mit der Platzierung und der Gesamtzeit.<\/p>\n<p><strong>Anmeldung<\/strong><\/p>\n<p>Die Anmeldung erfolgt \u00fcber das Excel-Formular auf der Internetseite www.firmenlauf-bielefeld.de.<\/p>\n<p><strong>Meldeschluss<\/strong><\/p>\n<p>Offizieller Meldeschluss ist der 10. Mai &#8212; sofern das Limit nicht schon eher erreicht ist. Bis zum 15. April gilt der Fr\u00fchbuchertarif. Die gebuchten Startnummern erhalten Sie bis sp\u00e4testens eine Woche vor dem Lauf auf dem Postweg zugesandt. Weitere schriftliche Nachmeldungen danach werden bis 20. Mai (9 Uhr) angenommen. Diese Startnummern k\u00f6nnen am 22. Mai dann im Meldeb\u00fcro direkt am Start abgeholt werden.<\/p>\n<p><strong>Nachmeldungen<\/strong><\/p>\n<p>Nachmeldungen am Meldeb\u00fcro am Start sind nur dann m\u00f6glich, wenn noch Pl\u00e4tze frei sind.<\/p>\n<p><strong>Teilnahmegeb\u00fchren<\/strong><\/p>\n<p>Sparrenburg-Firmenlauf: \u00a0\u00a0\u00a0\u00a0\u00a0\u00a0\u00a0\u00a0\u00a0\u00a0 14,00 \u20ac (bis 10.4.) p.P. \u00a0\u00a0\u00a0\u00a0\u00a0\u00a0\u00a0\u00a0\u00a0\u00a0\u00a0\u00a0\u00a0\u00a0\u00a0\u00a0 17,00 \u20ac \u00a0(ab 11.4.) p.P.<\/p>\n<p>Walking: \u00a0 \u00a0 \u00a0 \u00a0 \u00a0 \u00a0 \u00a0 \u00a0 \u00a0 \u00a0 \u00a0 \u00a0 \u00a0 \u00a0 \u00a0 \u00a0 \u00a0 \u00a0 \u00a0 \u00a0 \u00a014,00 \u20ac (bis 10.4.) p.P. \u00a0\u00a0\u00a0\u00a0\u00a0\u00a0\u00a0\u00a0\u00a0\u00a0\u00a0\u00a0\u00a0\u00a0\u00a0\u00a0 17,00 \u20ac \u00a0(ab 11.4.) p.P.<\/p>\n<p>Sch\u00fcler\/innen bis 16 Jahre: \u00a0 \u00a0 \u00a0 \u00a0 \u00a04,00 \u20ac (bis 10.4.) p.P. \u00a0 \u00a0 \u00a0 \u00a0 \u00a0 \u00a0 \u00a0 \u00a0 \u00a0 \u00a05,00 \u20ac \u00a0(ab 11.4.) p.P.<\/p>\n<p><strong>Anreise mit Bus und Bahn<\/strong><\/p>\n<p>Wir raten dringend zur Anreise mit \u00d6PNV. Leider gibt es 2023 kein im Startpreis enthaltenes Sonderticket der MoBiel.<\/p>\n<p><strong>Bitte beachten: Parken an der Sparrenburg nicht m\u00f6glich<\/strong><\/p>\n<p>Die Parkpl\u00e4tze direkt am Start\/Ziel sind am Veranstaltungstag nicht zu erreichen. Die Auffahrt zum Denkmal ist gesperrt. Wir empfehlen daher die Anreise mit der Stadtbahn. Oder in einem Parkhaus in der Stadt parken und die wenigen Schritte hoch zur Burg zu Fu\u00df gehen.<\/p>\n<p><strong>Teilnahmebest\u00e4tigung<\/strong><\/p>\n<p>\u00dcber die Meldegeb\u00fchr wird eine Rechnung\/Teilnahmebest\u00e4tigung f\u00fcr die Firma ausgestellt. Bitte \u00fcberweisen Sie den in der Rechnung angegebenen Betrag auf das Konto: Sparkasse G\u00fctersloh BLZ 478 500 65 \/ Konto-Nr. 295 292 71 <strong>BIC: WELADED1GTL \/ IBAN: DE91 4785 0065 0029 5292 71.<\/strong><br \/>Bitte geben Sie dabei den Firmennamen und die Nummer der Anmeldebest\u00e4tigung\/Rechnung an, die Sie erhalten haben.<\/p>\n<p><strong>Haftungsausschluss<\/strong><\/p>\n<p>Weder der Veranstalter, der Ausrichter, die Sponsoren, die Stadt Bielefeld oder deren Vertreter \u00fcbernehmen Haftung bei Sch\u00e4den jeglicher Art. Dies gilt auch f\u00fcr Unf\u00e4lle, abhanden gekommene Bekleidungsst\u00fccke oder sonstige Gegenst\u00e4nde. Gesundheitliche Risiken d\u00fcrfen Teilnehmer nicht eingehen. Es obliegt den Teilnehmern, ihren Gesundheitszustand vorher gr\u00fcndlich \u00fcberpr\u00fcfen zu lassen. Bei Ausfall der Veranstaltung durch h\u00f6here Gewalt besteht kein Anspruch auf R\u00fcckerstattung der Organisationsgeb\u00fchr. Der Teilnehmer gestattet dem Veranstalter die Nutzung von Event-Fotos, sofern dies in Zusammenhang mit dieser Veranstaltung steht.<\/p>\n<p><strong>Teilnehmererkl\u00e4rung<\/strong><\/p>\n<ul>\n<li>Ich erkl\u00e4re ausdr\u00fccklich, dass ich gesund bin, im Vorfeld des Firmenlaufs einen Gesundheitscheck beim Arzt habe durchf\u00fchren lassen und einen ausreichenden Trainingsstand habe.* Mir ist bekannt, dass der Veranstalter keine Haftung f\u00fcr gesundheitliche Risiken \u00fcbernimmt, die sich aus der Teilnahme ergeben k\u00f6nnten.* Ich bin damit einverstanden, dass in der Meldung angegebene personenbezogene Daten weitergegeben und die im Zusammenhang mit dem Firmenlaufs gemachten Fotos, Filmaufnahmen und Interviews in Rundfunk, Fernsehen, Werbung, B\u00fcchern und fotomechanischen Vervielf\u00e4ltigungen ohne Verg\u00fctungsanspruch ver\u00f6ffentlich werden k\u00f6nnen.* Ich best\u00e4tige die Richtigkeit der angegebenen Daten und versichere, meine Startnummer an keine andere Person weiterzugeben (Ummeldung erforderlich).<\/li>\n<\/ul>\n<p>* Mit dieser Online-Anmeldung erkenne ich die genannten Teilnahmebedingungen und den Haftungsausschluss an.<\/p>\n<p>* Ich best\u00e4tige, dass ich von niemandem f\u00fcr die Teilnahme am Sch\u00fcco Sports Firmenlauf eine Verg\u00fctung oder andere Vorteile erhalte (entsprechend \u00a7 67a Abgabenordnung).<\/p>\n<p>* Hinweis lt. Datenschutzgesetz: Ihre Daten werden maschinell gespeichert.<\/p>\n<p>* Die Teilnahme erfolgt auf eigene Gefahr des Teilnehmers. Die Haftung des Veranstalters bei Sach- und Verm\u00f6genssch\u00e4den beschr\u00e4nkt sich auf Vorsatz und grobe Fahrl\u00e4ssigkeit. Der Veranstalter haftet nicht f\u00fcr unvorhersehbare bzw. nicht vertragstypische Sch\u00e4den.<\/p>\n<p>&nbsp;<\/p>\n<p><strong>FAQ &#8211; einige Antworten auf h\u00e4ufig gestellte Fragen<br \/><\/strong><\/p>\n<p>Antworten auf h\u00e4ufig gestellte Fragen gibt es hier:<\/p>\n<p><strong>1. Kann man noch Nachmelden?<\/strong> Nur bedingt. Der Hauptlauf ist auf 900 Starter limitiert. Sofern es Ausf\u00e4lle gibt, sind Nachmeldungen in kleiner Zahl eventuell m\u00f6glich.<\/p>\n<p><strong>2. Die Chips habe ich erhalten, muss ich dann noch bevor der Lauf losgeht, zum Meldeb\u00fcro und konkret alle tats\u00e4chlichen Teilnehmer anmelden?<\/strong> Alle vorangemeldeten Teilnehmer sind ja bereits angemeldet. Auf der R\u00fcckseite der Startnummer steht zur Orientierung nochmal der Name.<\/p>\n<p><strong>3. Per Post kamen auch Startnummern. Sollen diese z.B. mit einer Sicherheitsnadel am T-Shirt befestigt werden oder ist das nicht notwendig?<\/strong> Die Startnummern sollen auf der Vorderseite des Trikots angebracht werden. Sicherheitsnadeln dazu gibt\u2019s am Meldeb\u00fcro (Start-Zielbereich).<\/p>\n<p><strong>4. Gibt es nach dem Lauf kostenlose Getr\u00e4nke f\u00fcr die L\u00e4ufer oder muss man selbst daf\u00fcr sorgen, dass etwas zu trinken vorhanden ist?<\/strong> Im Ziel gibt es kostenlose Getr\u00e4nke Wasser, Krombacher Alkoholfrei und Fassbrause f\u00fcr alle Teilnehmer.<\/p>\n<p><strong>5. Ein angemeldeter Teilnehmer unserer Gruppe wird nicht teilnehmen. Ist es m\u00f6glich am Mittwoch noch eine Umbenennung vorzunehmen? Wenn ja, kostet dies eine zus\u00e4tzliche Geb\u00fchr?<\/strong><br \/>Ummeldungen k\u00f6nnen vor Ort gemacht werden, das kostet nichts. Abmeldungen mit Erstattung der TN-Geb\u00fchr sind nicht m\u00f6glich.<\/p>\n<p><strong>6. Hier steht, wie der Chip am Schuh zu befestigen ist.<\/strong> Ohne Chip kann es keine gemessene Zeit geben!<\/p>\n<p>Anwendung des <a title=\"http:\/\/www.firmenlauf-wiedenbrueck.de\/wp-content\/uploads\/2013\/06\/Anwendung-des-TTJ-Chip-SNRChip-Part2.pdf\" href=\"http:\/\/www.firmenlauf-wiedenbrueck.de\/wp-content\/uploads\/2013\/06\/Anwendung-des-TTJ-Chip-SNRChip-Part2.pdf\">TTJ Chip SNR=Chip Part2<\/a><\/p>\n<p>&nbsp;<\/p>\n<p><strong>Streckenverlauf<br \/><\/strong><\/p>\n<p><a href=\"http:\/\/firmenlauf-bielefeld.de\/wp-content\/uploads\/2020\/02\/Firmenlauf_Bielefeld_2020.jpg\"><img loading=\"lazy\" decoding=\"async\" class=\"alignnone size-full wp-image-844\" src=\"http:\/\/firmenlauf-bielefeld.de\/wp-content\/uploads\/2020\/02\/Firmenlauf_Bielefeld_2020.jpg\" alt=\"\" width=\"1080\" height=\"1159\" srcset=\"http:\/\/firmenlauf-bielefeld.de\/wp-content\/uploads\/2020\/02\/Firmenlauf_Bielefeld_2020.jpg 1080w, http:\/\/firmenlauf-bielefeld.de\/wp-content\/uploads\/2020\/02\/Firmenlauf_Bielefeld_2020-280x300.jpg 280w, http:\/\/firmenlauf-bielefeld.de\/wp-content\/uploads\/2020\/02\/Firmenlauf_Bielefeld_2020-768x824.jpg 768w, http:\/\/firmenlauf-bielefeld.de\/wp-content\/uploads\/2020\/02\/Firmenlauf_Bielefeld_2020-954x1024.jpg 954w\" sizes=\"auto, (max-width: 1080px) 100vw, 1080px\" \/><\/a><\/p>\n<p>&nbsp;<\/p>\n<p>Eventfl\u00e4che<\/p>\n<p><a href=\"http:\/\/firmenlauf-bielefeld.de\/wp-content\/uploads\/2019\/06\/Firmenlauf_Bielefeld_Lageplan_2019-1.jpg\"><img loading=\"lazy\" decoding=\"async\" class=\"alignnone wp-image-781\" src=\"http:\/\/firmenlauf-bielefeld.de\/wp-content\/uploads\/2019\/06\/Firmenlauf_Bielefeld_Lageplan_2019-1.jpg\" alt=\"\" width=\"801\" height=\"566\" srcset=\"http:\/\/firmenlauf-bielefeld.de\/wp-content\/uploads\/2019\/06\/Firmenlauf_Bielefeld_Lageplan_2019-1.jpg 2000w, http:\/\/firmenlauf-bielefeld.de\/wp-content\/uploads\/2019\/06\/Firmenlauf_Bielefeld_Lageplan_2019-1-300x212.jpg 300w, http:\/\/firmenlauf-bielefeld.de\/wp-content\/uploads\/2019\/06\/Firmenlauf_Bielefeld_Lageplan_2019-1-768x543.jpg 768w, http:\/\/firmenlauf-bielefeld.de\/wp-content\/uploads\/2019\/06\/Firmenlauf_Bielefeld_Lageplan_2019-1-1024x723.jpg 1024w\" sizes=\"auto, (max-width: 801px) 100vw, 801px\" \/><\/a><\/p>\n<p><strong>Krombacher ALKOHOLFREI erfrischt wieder alle L\u00e4ufer beim Sparrenburg-Firmenlauf Bielefeld<\/strong><\/p>\n<p>Auf alle erwachsenen L\u00e4ufer wartet auch dieses Jahr im Zielbereich an der Krombacher ALKOHOLFREI Erfrischungsinsel ein leckeres Krombacher Weizen, Radler oder Pils Alkoholfrei. Die Alkoholfreien sind bestens geeignet, um gemeinsam auf einen erfolgreichen Lauf anzusto\u00dfen, denn sie zeichnen sich durch nat\u00fcrlichen, alkoholfreien Genuss und vollen Geschmack bei reduziertem Kaloriengehalt aus. Kein Wunder also, dass die leckeren isotonischen Durstl\u00f6scher bei Freizeitsportlern so beliebt sind. Ein gek\u00fchltes Krombacher ALKOHOLFREI sorgt f\u00fcr volle Erfrischung und vollen Geschmack hinter der Ziellinie!<\/p>\n<p>Wir freuen uns auf Sie!<\/p>\n<p><strong>Aufgepasst<\/strong>: Wer noch keinen Startplatz hat, der sollte schnell auf der Krombacher Homepage unter <a href=\"http:\/\/www.krombacher.de\/Engagement\/Laufen\/\">www.krombacher.de\/Engagement\/Laufen\/<\/a> vorbeischauen, denn dort kann man sich f\u00fcr viele Laufveranstaltungen die begehrten Freistarts sichern. Nat\u00fcrlich finden Sie hier auch alles Wissenswerte rund um unsere Alkoholfreien und unser Engagement im Sportbereich.<\/p>\n<p>Vorbeischauen lohnt sich!<\/p>\n\n\n<p><\/p>\n","protected":false},"excerpt":{"rendered":"<p>Sparrenburg-Firmenlauf 2026 in Bielefeld Teilnehmerinfo (vom letzten Jahr) vom 20. Mai 2025: http:\/\/firmenlauf-bielefeld.de\/wp-content\/uploads\/2025\/05\/Firmenlauf-BI-Teilnehmerinfo2025-Mail.pdf Flyer:\u00a0Sparrenburg Flyer 2026 Am Mittwoch, 20. Mai 2026 steht Bielefeld erneut ganz im Zeichen des Laufsports. Dann [&hellip;]<\/p>\n","protected":false},"author":1,"featured_media":0,"parent":0,"menu_order":0,"comment_status":"open","ping_status":"open","template":"","meta":{"footnotes":""},"class_list":["post-15","page","type-page","status-publish","hentry"],"_links":{"self":[{"href":"http:\/\/firmenlauf-bielefeld.de\/index.php?rest_route=\/wp\/v2\/pages\/15","targetHints":{"allow":["GET"]}}],"collection":[{"href":"http:\/\/firmenlauf-bielefeld.de\/index.php?rest_route=\/wp\/v2\/pages"}],"about":[{"href":"http:\/\/firmenlauf-bielefeld.de\/index.php?rest_route=\/wp\/v2\/types\/page"}],"author":[{"embeddable":true,"href":"http:\/\/firmenlauf-bielefeld.de\/index.php?rest_route=\/wp\/v2\/users\/1"}],"replies":[{"embeddable":true,"href":"http:\/\/firmenlauf-bielefeld.de\/index.php?rest_route=%2Fwp%2Fv2%2Fcomments&post=15"}],"version-history":[{"count":57,"href":"http:\/\/firmenlauf-bielefeld.de\/index.php?rest_route=\/wp\/v2\/pages\/15\/revisions"}],"predecessor-version":[{"id":1148,"href":"http:\/\/firmenlauf-bielefeld.de\/index.php?rest_route=\/wp\/v2\/pages\/15\/revisions\/1148"}],"wp:attachment":[{"href":"http:\/\/firmenlauf-bielefeld.de\/index.php?rest_route=%2Fwp%2Fv2%2Fmedia&parent=15"}],"curies":[{"name":"wp","href":"https:\/\/api.w.org\/{rel}","templated":true}]}}