{"id":32,"date":"2014-07-02T07:24:12","date_gmt":"2014-07-02T07:24:12","guid":{"rendered":"http:\/\/firmenlauf-bielefeld.de\/?page_id=32"},"modified":"2026-01-30T10:01:30","modified_gmt":"2026-01-30T10:01:30","slug":"zeitplan","status":"publish","type":"page","link":"http:\/\/firmenlauf-bielefeld.de\/?page_id=32","title":{"rendered":"Zeitplan"},"content":{"rendered":"<p><strong>Mittwoch, 20. Mai 2026<\/strong><\/p>\n<p>Start \/ Ziel: Promenade, Sparrenburg<\/p>\n<p>17:00 Uhr \u00d6ffnung Meldeb\u00fcro (f\u00fcr Ummeldungen)<\/p>\n<p>18:00 Uhr 2,5 km Firmenlauf \u201elight\u201c und 2,5 km Walking<\/p>\n<p>18:30 Uhr 5,0 km Sparrenburg-Firmenlauf (1. Startgruppe)<\/p>\n<p>19:15 Uhr\u00a05,0 km Sparrenburg-Firmenlauf (2. Startgruppe)<\/p>\n<p>20:00 Uhr 5,0 km Nightcup (ausschlie\u00dflich L\u00e4ufer dieser Serie)<\/p>\n<p>20:30 Uhr Siegerehrung<\/p>\n<p>21:00 Uhr Veranstaltungsende<\/p>\n<p><a href=\"http:\/\/firmenlauf-bielefeld.de\/wp-content\/uploads\/2016\/02\/Foto-Firmenlauf-BI-web2016.jpg\" rel=\"attachment wp-att-331\"><img loading=\"lazy\" decoding=\"async\" class=\"alignnone size-full wp-image-331\" src=\"http:\/\/firmenlauf-bielefeld.de\/wp-content\/uploads\/2016\/02\/Foto-Firmenlauf-BI-web2016.jpg\" alt=\"Foto-Firmenlauf-BI-web2016\" width=\"800\" height=\"295\" srcset=\"http:\/\/firmenlauf-bielefeld.de\/wp-content\/uploads\/2016\/02\/Foto-Firmenlauf-BI-web2016.jpg 800w, http:\/\/firmenlauf-bielefeld.de\/wp-content\/uploads\/2016\/02\/Foto-Firmenlauf-BI-web2016-300x111.jpg 300w, http:\/\/firmenlauf-bielefeld.de\/wp-content\/uploads\/2016\/02\/Foto-Firmenlauf-BI-web2016-768x283.jpg 768w\" sizes=\"auto, (max-width: 800px) 100vw, 800px\" \/><\/a><\/p>\n","protected":false},"excerpt":{"rendered":"<p>Mittwoch, 20. Mai 2026 Start \/ Ziel: Promenade, Sparrenburg 17:00 Uhr \u00d6ffnung Meldeb\u00fcro (f\u00fcr Ummeldungen) 18:00 Uhr 2,5 km Firmenlauf \u201elight\u201c und 2,5 km Walking 18:30 Uhr 5,0 km Sparrenburg-Firmenlauf [&hellip;]<\/p>\n","protected":false},"author":2,"featured_media":0,"parent":0,"menu_order":0,"comment_status":"open","ping_status":"open","template":"","meta":{"footnotes":""},"class_list":["post-32","page","type-page","status-publish","hentry"],"_links":{"self":[{"href":"http:\/\/firmenlauf-bielefeld.de\/index.php?rest_route=\/wp\/v2\/pages\/32","targetHints":{"allow":["GET"]}}],"collection":[{"href":"http:\/\/firmenlauf-bielefeld.de\/index.php?rest_route=\/wp\/v2\/pages"}],"about":[{"href":"http:\/\/firmenlauf-bielefeld.de\/index.php?rest_route=\/wp\/v2\/types\/page"}],"author":[{"embeddable":true,"href":"http:\/\/firmenlauf-bielefeld.de\/index.php?rest_route=\/wp\/v2\/users\/2"}],"replies":[{"embeddable":true,"href":"http:\/\/firmenlauf-bielefeld.de\/index.php?rest_route=%2Fwp%2Fv2%2Fcomments&post=32"}],"version-history":[{"count":14,"href":"http:\/\/firmenlauf-bielefeld.de\/index.php?rest_route=\/wp\/v2\/pages\/32\/revisions"}],"predecessor-version":[{"id":1118,"href":"http:\/\/firmenlauf-bielefeld.de\/index.php?rest_route=\/wp\/v2\/pages\/32\/revisions\/1118"}],"wp:attachment":[{"href":"http:\/\/firmenlauf-bielefeld.de\/index.php?rest_route=%2Fwp%2Fv2%2Fmedia&parent=32"}],"curies":[{"name":"wp","href":"https:\/\/api.w.org\/{rel}","templated":true}]}}