{"id":7,"date":"2014-06-29T21:12:25","date_gmt":"2014-06-29T21:12:25","guid":{"rendered":"http:\/\/firmenlauf-bielefeld.de\/?page_id=7"},"modified":"2026-03-04T10:27:09","modified_gmt":"2026-03-04T10:27:09","slug":"anmeldung","status":"publish","type":"page","link":"http:\/\/firmenlauf-bielefeld.de\/?page_id=7","title":{"rendered":"Anmeldung"},"content":{"rendered":"<p><strong>Das Anmeldeformular k\u00f6nnen Sie HIER unter diesem Link herunterladen:<\/strong><\/p>\n<p><a href=\"http:\/\/firmenlauf-bielefeld.de\/wp-content\/uploads\/2026\/03\/Sparrenburg-Firmenlauf_BI-Anmeldung2026_1.xlsx\">Sparrenburg-Firmenlauf_BI-Anmeldung2026<\/a><\/p>\n<p>Bitte senden Sie das Formular per Mail ausgef\u00fcllt an: <strong>rb@rb-medienservice.de<\/strong><\/p>\n<p>&nbsp;<\/p>\n<p><strong>Anmeldung<\/strong><\/p>\n<p>Die Anmeldung erfolgt \u00fcber das o.g. Excel-Formular auf dieser Internetseite<\/p>\n<p>www.firmenlauf-bielefeld.de.<\/p>\n<p><strong>Meldeschluss<\/strong><\/p>\n<p>Offizieller Meldeschluss ist am 10. Mai 2026 &#8211; sofern das Limit nicht schon eher erreicht ist. Bis zum 10. April 2026 gilt der Fr\u00fchbuchertarif.<\/p>\n<p>Die gebuchten Startnummern erhalten Sie eine Woche vor dem Lauf auf dem Postweg zugesandt. Weitere schriftliche Nachmeldungen danach werden bis zum 20. Mai (12 Uhr) angenommen. Diese Startnummern k\u00f6nnen am 20. Mai im Meldeb\u00fcro am Start abgeholt werden.<\/p>\n<p><strong>Teilnahmegeb\u00fchren<\/strong><\/p>\n<p>Sparrenburg-Firmenlauf:\u00a0\u00a0\u00a0\u00a0\u00a0\u00a0\u00a0 13,00 EUR (bis 10.4.26); 16,00 EUR (ab 11.4.26)<\/p>\n<p>Walking:\u00a0\u00a0\u00a0\u00a0\u00a0\u00a0\u00a0\u00a0\u00a0\u00a0\u00a0\u00a0 13,00 EUR (bis 10.4.26); 16,00 EUR (ab 11.4.26)<\/p>\n<p>Sch\u00fcler-\/innen (bis 18 J.):\u00a0\u00a0\u00a0\u00a0\u00a0\u00a0\u00a0\u00a0 3,00 EUR (bis 10.4.26); 4,00 EUR (ab 11.4.26)<\/p>\n<p><strong>Nachmeldungen<\/strong><\/p>\n<p>Nachmeldungen am Veranstaltungstag vor Ort sind nur dann m\u00f6glich, wenn noch Pl\u00e4tze frei sind. Das Limit liegt bei 700 Teilnehmern pro Einzelstart. Bitte beachten Sie die aktuellen Hinweise auf dieser Interseite.<\/p>\n<p><strong>Teilnahmebest\u00e4tigung<\/strong><\/p>\n<p>\u00dcber die Meldegeb\u00fchr wird eine Rechnung \/ Teilnahmebest\u00e4tigung f\u00fcr die Firma ausgestellt. Bitte \u00fcberweisen Sie den in der Rechnung angegebenen Betrag auf folgendes Konto:<\/p>\n<p>Sparkasse G\u00fctersloh, BLZ 478 500 65 \/ Konto-Nr. 295 292 71 \u2013 <strong>BIC:WELADED1GTL\u00a0 IBAN: DE91478500650029529271.<\/strong><\/p>\n<p>Bitte dabei die genaue Firmenbezeichnung und die Nummer der Anmeldebest\u00e4tigung\/Rechnung, die Sie per Mail erhalten haben, angeben.<\/p>\n<p><strong>Teilnehmererkl\u00e4rung und Haftungsausschluss:<\/strong><\/p>\n<p>Gesundheitliche Risiken sollten Teilnehmer beim Firmenlauf nicht eingehen. Es obliegt den Teilnehmern, ihren Gesundheitszustand vorher gr\u00fcndlich \u00fcberpr\u00fcfen zu lassen. Bei Ausfall der Veranstaltung durch h\u00f6here Gewalt besteht kein Anspruch auf R\u00fcckerstattung der Organisationsgeb\u00fchr.<\/p>\n<p>&nbsp;<\/p>\n<p><strong>Teilnehmererkl\u00e4rung<\/strong><\/p>\n<ul>\n<li>Ich erkl\u00e4re ausdr\u00fccklich, dass ich gesund bin, im Vorfeld des Firmenlaufs einen Gesundheitscheck beim Arzt habe durchf\u00fchren lassen und einen ausreichenden Trainingsstand habe.* Mir ist bekannt, dass der Veranstalter keine Haftung f\u00fcr gesundheitliche Risiken \u00fcbernimmt, die sich aus der Teilnahme ergeben k\u00f6nnten.* Ich bin damit einverstanden, dass in der Meldung angegebene personenbezogene Daten weitergegeben und die im Zusammenhang mit dem Firmenlaufs gemachten Fotos, Filmaufnahmen und Interviews in Rundfunk, Fernsehen, Werbung, B\u00fcchern und fotomechanischen Vervielf\u00e4ltigungen ohne Verg\u00fctungsanspruch ver\u00f6ffentlich werden k\u00f6nnen.* Ich best\u00e4tige die Richtigkeit der angegebenen Daten und versichere, meine Startnummer an keine andere Person weiterzugeben (Ummeldung erforderlich).<\/li>\n<\/ul>\n<p>* Mit dieser Online-Anmeldung erkenne ich die genannten Teilnahmebedingungen und den Haftungsausschluss an.<\/p>\n<p>* Ich best\u00e4tige, dass ich von niemandem f\u00fcr die Teilnahme am Sch\u00fcco Sports Firmenlauf eine Verg\u00fctung oder andere Vorteile erhalte (entsprechend \u00a7 67a Abgabenordnung).<\/p>\n<p>* Hinweis lt. Datenschutzgesetz: Ihre Daten werden maschinell gespeichert.<\/p>\n<p>* Die Teilnahme erfolgt auf eigene Gefahr des Teilnehmers. Die Haftung des Veranstalters bei Sach- und Verm\u00f6genssch\u00e4den beschr\u00e4nkt sich auf Vorsatz und grobe Fahrl\u00e4ssigkeit. Der Veranstalter haftet nicht f\u00fcr unvorhersehbare bzw. nicht vertragstypische Sch\u00e4den.<\/p>\n","protected":false},"excerpt":{"rendered":"<p>Das Anmeldeformular k\u00f6nnen Sie HIER unter diesem Link herunterladen: Sparrenburg-Firmenlauf_BI-Anmeldung2026 Bitte senden Sie das Formular per Mail ausgef\u00fcllt an: rb@rb-medienservice.de &nbsp; Anmeldung Die Anmeldung erfolgt \u00fcber das o.g. Excel-Formular auf [&hellip;]<\/p>\n","protected":false},"author":1,"featured_media":0,"parent":0,"menu_order":0,"comment_status":"open","ping_status":"open","template":"","meta":{"footnotes":""},"class_list":["post-7","page","type-page","status-publish","hentry"],"_links":{"self":[{"href":"http:\/\/firmenlauf-bielefeld.de\/index.php?rest_route=\/wp\/v2\/pages\/7","targetHints":{"allow":["GET"]}}],"collection":[{"href":"http:\/\/firmenlauf-bielefeld.de\/index.php?rest_route=\/wp\/v2\/pages"}],"about":[{"href":"http:\/\/firmenlauf-bielefeld.de\/index.php?rest_route=\/wp\/v2\/types\/page"}],"author":[{"embeddable":true,"href":"http:\/\/firmenlauf-bielefeld.de\/index.php?rest_route=\/wp\/v2\/users\/1"}],"replies":[{"embeddable":true,"href":"http:\/\/firmenlauf-bielefeld.de\/index.php?rest_route=%2Fwp%2Fv2%2Fcomments&post=7"}],"version-history":[{"count":45,"href":"http:\/\/firmenlauf-bielefeld.de\/index.php?rest_route=\/wp\/v2\/pages\/7\/revisions"}],"predecessor-version":[{"id":1143,"href":"http:\/\/firmenlauf-bielefeld.de\/index.php?rest_route=\/wp\/v2\/pages\/7\/revisions\/1143"}],"wp:attachment":[{"href":"http:\/\/firmenlauf-bielefeld.de\/index.php?rest_route=%2Fwp%2Fv2%2Fmedia&parent=7"}],"curies":[{"name":"wp","href":"https:\/\/api.w.org\/{rel}","templated":true}]}}